{"id":12,"date":"2014-10-06T13:54:52","date_gmt":"2014-10-06T13:54:52","guid":{"rendered":"http:\/\/www.dizajn-ikonica.com\/tool\/?page_id=12"},"modified":"2014-10-06T13:54:52","modified_gmt":"2014-10-06T13:54:52","slug":"unternehmen","status":"publish","type":"page","link":"http:\/\/toolstamping.com\/web\/unternehmen\/","title":{"rendered":"Unternehmen"},"content":{"rendered":"<div class=\"fusion-fullwidth fullwidth-box\" style=\"background-attachment:scroll;background-position:left top;background-repeat:no-repeat;-webkit-background-size:cover;-moz-background-size:cover;-o-background-size:cover;background-size:cover;border-color:#eae9e9;border-bottom-width: 0px;border-top-width: 0px;border-bottom-style: solid;border-top-style: solid;padding-bottom:0px;padding-left:0px;padding-right:0px;padding-top:0px;\"><div class=\"avada-row\"><div class=\"fusion-one-half one_half fusion-column blau-weiss\">Wir konzentrieren uns auf die Entwicklung hochkomplexer Folgeverbundwerkzeuge f\u00fcr die Verarbeitung von Kupfer, Messing, Aluminium oder Stahl.<\/p>\n<p>Unser zweites Gesch\u00e4ftsfeld ist das Stanzen. TOOL&amp;STAMPING produziert Einzelteile und Stanzteile f\u00fcr die Elektro- und Elekronikindustrie.<\/p>\n<p>Stark erweitert haben wir in den vergangenen Jahren den Bereich Engineering und Prozessberatung. Auf Grundlage unserer langj\u00e4hrigen Erfahrung unterst\u00fctzen und begleiten wir unsere Kunden speziell bei der Produktentwicklung und \u2013fertigung von Hybridteilen aus dem Stanz- und Spritzguss-Segment.<\/p>\n<p>Die TOOL&amp;STAMPING GmbH&amp;CoKG wurde 2004 von Alfonso Manzo gegr\u00fcndet. Von Beginn an haben wir konsequent auf Qualit\u00e4t gesetzt und damit die Grundlage f\u00fcr eine erfolgreiche Gesch\u00e4ftsentwicklung gelegt.<\/p>\n<p>Unsere Kunden wissen unsere Arbeitsphilosophie zu sch\u00e4tzen. Sie vertrauen auf unsere Leistungsf\u00e4higkeit, die wir tagt\u00e4glich im Werkzeugbau, in der Produktion und in der Beratung abliefern. Als kleine, flexible Einheit stehen wir unseren Auftraggebern im In- und Ausland, bei Bedarf auch Rund- um-die-Uhr zur Verf\u00fcgung. Deshalb geh\u00f6rt es schon fast zu zu unserer Tradition, dass wir uns stets auf langj\u00e4hrige Kundenbeziehungen verlassen k\u00f6nnen.<\/p>\n<div class=\"imageframe-align-center\"><style type=\"text\/css\">.imageframe-1 img{border:0px solid #f6f6f6;}<\/style><span style class=\"fusion-imageframe imageframe imageframe-dropshadow imageframe-1 fusion-animated\" animation_class=\"fusion-animated\" data-animationType=\"slideInDown\" data-animationDuration=\"0.8\"><img decoding=\"async\" src=\"http:\/\/toolstamping.com\/web\/wp-content\/uploads\/2014\/10\/20141002_1522551.jpg\" alt=\"\" class=\"img-responsive\" \/><\/span><\/div><\/div><div class=\"fusion-one-half one_half fusion-column last\"><div class=\"imageframe-align-center\"><style type=\"text\/css\">.imageframe-2 img{border:0px solid #f6f6f6;}<\/style><span style class=\"fusion-imageframe imageframe imageframe-dropshadow imageframe-2\"> <img decoding=\"async\" src=\"http:\/\/toolstamping.com\/web\/wp-content\/uploads\/2014\/10\/20141002_152405-e14142488889951.jpg\" alt=\"\" class=\"img-responsive\" \/><\/span><\/div><\/div><div class=\"fusion-clearfix\"><\/div><\/div><\/div><div class=\"fusion-fullwidth fullwidth-box\" style=\"background-attachment:scroll;background-position:left top;background-repeat:no-repeat;-webkit-background-size:cover;-moz-background-size:cover;-o-background-size:cover;background-size:cover;border-color:#eae9e9;border-bottom-width: 0px;border-top-width: 0px;border-bottom-style: solid;border-top-style: solid;padding-bottom:0px;padding-left:0px;padding-right:0px;padding-top:0px;\"><div class=\"avada-row\"><\/div><\/div><style type=\"text\/css\">.imageframe-3 img{border:0px solid #f6f6f6;}<\/style><span style class=\"fusion-imageframe imageframe imageframe-none imageframe-3\"> <img alt=\"\" class=\"img-responsive\" \/><\/span>\n","protected":false},"excerpt":{"rendered":"","protected":false},"author":21,"featured_media":0,"parent":0,"menu_order":0,"comment_status":"closed","ping_status":"closed","template":"100-width.php","meta":{"footnotes":""},"class_list":["post-12","page","type-page","status-publish","hentry"],"_links":{"self":[{"href":"http:\/\/toolstamping.com\/web\/wp-json\/wp\/v2\/pages\/12"}],"collection":[{"href":"http:\/\/toolstamping.com\/web\/wp-json\/wp\/v2\/pages"}],"about":[{"href":"http:\/\/toolstamping.com\/web\/wp-json\/wp\/v2\/types\/page"}],"author":[{"embeddable":true,"href":"http:\/\/toolstamping.com\/web\/wp-json\/wp\/v2\/users\/21"}],"replies":[{"embeddable":true,"href":"http:\/\/toolstamping.com\/web\/wp-json\/wp\/v2\/comments?post=12"}],"version-history":[{"count":0,"href":"http:\/\/toolstamping.com\/web\/wp-json\/wp\/v2\/pages\/12\/revisions"}],"wp:attachment":[{"href":"http:\/\/toolstamping.com\/web\/wp-json\/wp\/v2\/media?parent=12"}],"curies":[{"name":"wp","href":"https:\/\/api.w.org\/{rel}","templated":true}]}}