{"id":16,"date":"2014-10-06T13:56:08","date_gmt":"2014-10-06T13:56:08","guid":{"rendered":"http:\/\/www.dizajn-ikonica.com\/tool\/?page_id=16"},"modified":"2014-10-06T13:56:08","modified_gmt":"2014-10-06T13:56:08","slug":"werkzeugbau","status":"publish","type":"page","link":"http:\/\/toolstamping.com\/web\/technologien\/werkzeugbau\/","title":{"rendered":"Werkzeugbau"},"content":{"rendered":"<div class=\"fusion-fullwidth fullwidth-box\" style=\"background-attachment:scroll;background-position:left top;background-repeat:no-repeat;-webkit-background-size:cover;-moz-background-size:cover;-o-background-size:cover;background-size:cover;border-color:#eae9e9;border-bottom-width: 0px;border-top-width: 0px;border-bottom-style: solid;border-top-style: solid;padding-bottom:0px;padding-left:0px;padding-right:0px;padding-top:0px;\"><div class=\"avada-row\"><div class=\"fusion-one-third one_third fusion-column blau-weiss\">Der Werkzeugbau geh\u00f6rt zu unseren Kernkompetenzen. Seit \u00fcber 10 Jahren konstruieren und bauen wir hochkomplexe Stanzwerkzeuge f\u00fcr die Elektro- und Elektronikindustrie. Ein technisch versiertes und hochprofessionelles Team sorgt daf\u00fcr, dass stets die besten L\u00f6sungen f\u00fcr die Kunden-Herausforderungen gefunden werden.<\/div><div class=\"fusion-one-third one_third fusion-column blau-weiss\">Von der Konstruktion bis hin zur Endmontage profitieren Kunden von unserer Expertise. Die Bereiche 2D, 3D Konstruktion, Musterbau, Fr\u00e4sen, Schleifen und Erodieren sind bei TOOL&amp;STAMPING hochprofessionelle Inhouse-Abteilungen. Nur so k\u00f6nnen wir gew\u00e4hrleisten, dass Sie die Qualit\u00e4t erhalten, die f\u00fcr Ihre Prozesse notwendig ist.<\/div><div class=\"fusion-one-third one_third fusion-column last blau-weiss\">Freundliche, lichtdurchflutete Produktionsr\u00e4ume, neueste, hoch pr\u00e4zise und computerunterst\u00fctzte Werkzeugmaschinen und Messmittel in Verbindung mit modernsten Fr\u00e4s- und Erodiermaschine pr\u00e4gen unseren Werkzeug- und Formenbau.<\/p>\n<p>Das ist State of the Art \u2013 und sorgt f\u00fcr reibungslose Abl\u00e4ufe bei k\u00fcrzesten Durchlaufzeiten. Denn Zuverl\u00e4ssigkeit und Termintreue stehen bei TOOL&amp;STAMPING an erster Stelle.<\/div><div class=\"fusion-clearfix\"><\/div><\/div><\/div><div class=\"fusion-fullwidth fullwidth-box\" style=\"background-attachment:scroll;background-position:left top;background-repeat:no-repeat;-webkit-background-size:cover;-moz-background-size:cover;-o-background-size:cover;background-size:cover;border-color:#eae9e9;border-bottom-width: 0px;border-top-width: 0px;border-bottom-style: solid;border-top-style: solid;padding-bottom:0px;padding-left:0px;padding-right:0px;padding-top:0px;\"><div class=\"avada-row\"><div class=\"imageframe-align-center\"><style type=\"text\/css\">.imageframe-1 img{border:0px solid #f6f6f6;}<\/style><span style class=\"fusion-imageframe imageframe imageframe-dropshadow imageframe-1 img-width fusion-animated\" animation_class=\"fusion-animated\" data-animationType=\"slideInDown\" data-animationDuration=\"1\"><a href=\"http:\/\/toolstamping.com\/web\/wp-content\/uploads\/2014\/10\/20141002_1521521.jpg\" class=\"lightbox-shortcode\" rel=\"prettyPhoto\"> <img decoding=\"async\" src=\"http:\/\/toolstamping.com\/web\/wp-content\/uploads\/2014\/10\/20141002_1521521.jpg\" alt=\"\" class=\"img-responsive\" \/><\/a><\/span><\/div><\/div><\/div>\n","protected":false},"excerpt":{"rendered":"","protected":false},"author":21,"featured_media":0,"parent":14,"menu_order":0,"comment_status":"closed","ping_status":"closed","template":"","meta":{"footnotes":""},"class_list":["post-16","page","type-page","status-publish","hentry"],"_links":{"self":[{"href":"http:\/\/toolstamping.com\/web\/wp-json\/wp\/v2\/pages\/16"}],"collection":[{"href":"http:\/\/toolstamping.com\/web\/wp-json\/wp\/v2\/pages"}],"about":[{"href":"http:\/\/toolstamping.com\/web\/wp-json\/wp\/v2\/types\/page"}],"author":[{"embeddable":true,"href":"http:\/\/toolstamping.com\/web\/wp-json\/wp\/v2\/users\/21"}],"replies":[{"embeddable":true,"href":"http:\/\/toolstamping.com\/web\/wp-json\/wp\/v2\/comments?post=16"}],"version-history":[{"count":0,"href":"http:\/\/toolstamping.com\/web\/wp-json\/wp\/v2\/pages\/16\/revisions"}],"up":[{"embeddable":true,"href":"http:\/\/toolstamping.com\/web\/wp-json\/wp\/v2\/pages\/14"}],"wp:attachment":[{"href":"http:\/\/toolstamping.com\/web\/wp-json\/wp\/v2\/media?parent=16"}],"curies":[{"name":"wp","href":"https:\/\/api.w.org\/{rel}","templated":true}]}}