{"id":18,"date":"2014-10-06T13:56:35","date_gmt":"2014-10-06T13:56:35","guid":{"rendered":"http:\/\/www.dizajn-ikonica.com\/tool\/?page_id=18"},"modified":"2014-10-06T13:56:35","modified_gmt":"2014-10-06T13:56:35","slug":"stanz-und-umformtechnik","status":"publish","type":"page","link":"http:\/\/toolstamping.com\/web\/technologien\/stanz-und-umformtechnik\/","title":{"rendered":"Stanz- und Umformtechnik"},"content":{"rendered":"<div class=\"fusion-fullwidth fullwidth-box\" style=\"background-attachment:scroll;background-position:left top;background-repeat:no-repeat;-webkit-background-size:cover;-moz-background-size:cover;-o-background-size:cover;background-size:cover;border-color:#eae9e9;border-bottom-width: 0px;border-top-width: 0px;border-bottom-style: solid;border-top-style: solid;padding-bottom:0px;padding-left:0px;padding-right:0px;padding-top:0px;\"><div class=\"avada-row\"><div class=\"fusion-one-half one_half fusion-column blau-weiss\">Mit zehn Mitarbeitern z\u00e4hlt TOOL&amp;STAMPING zu den kleineren, aber hochspezialisierten Betrieben in der Stanz- und Umformtechnik. Stanzen ist ein zentraler Leistungsbaustein im Angebot des Unternehmens und erweitert seine Fertigungstiefe. Kunden erwarten heute eine ganzheitliche Dienstleistung.<\/p>\n<\/div><div class=\"fusion-one-half one_half fusion-column last blau-weiss\">Bei TOOL&amp;STAMPING werden unterschiedlichste Verfahren in den Stanzprozess integriert. Die eingesetzten Pr\u00e4zisionswerkzeuge schaffen die Grundlage f\u00fcr eine \u00fcber die gesamte Lebensdauer hochqualitative und wirtschaftliche Produktion \u2013 zumal der Stanzprozess von einer 100-prozentigen Qualit\u00e4ts\u00fcberwachung der Funktionsma\u00dfe begleitet wird.<\/div><div class=\"fusion-clearfix\"><\/div><\/div><\/div><div class=\"fusion-fullwidth fullwidth-box\" style=\"background-attachment:scroll;background-position:left top;background-repeat:no-repeat;-webkit-background-size:cover;-moz-background-size:cover;-o-background-size:cover;background-size:cover;border-color:#eae9e9;border-bottom-width: 0px;border-top-width: 0px;border-bottom-style: solid;border-top-style: solid;padding-bottom:0px;padding-left:0px;padding-right:0px;padding-top:0px;\"><div class=\"avada-row\"><div class=\"imageframe-align-center\"><style type=\"text\/css\">.imageframe-1 img{border:0px solid #f6f6f6;}<\/style><span style class=\"fusion-imageframe imageframe imageframe-dropshadow imageframe-1 img-width fusion-animated\" animation_class=\"fusion-animated\" data-animationType=\"slideInDown\" data-animationDuration=\"0.9\"> <img decoding=\"async\" src=\"http:\/\/toolstamping.com\/web\/wp-content\/uploads\/2014\/10\/20141002_1544521.jpg\" alt=\"\" class=\"img-responsive\" \/><\/span><\/div><\/div><\/div>\n","protected":false},"excerpt":{"rendered":"","protected":false},"author":21,"featured_media":0,"parent":14,"menu_order":0,"comment_status":"closed","ping_status":"closed","template":"","meta":{"footnotes":""},"class_list":["post-18","page","type-page","status-publish","hentry"],"_links":{"self":[{"href":"http:\/\/toolstamping.com\/web\/wp-json\/wp\/v2\/pages\/18"}],"collection":[{"href":"http:\/\/toolstamping.com\/web\/wp-json\/wp\/v2\/pages"}],"about":[{"href":"http:\/\/toolstamping.com\/web\/wp-json\/wp\/v2\/types\/page"}],"author":[{"embeddable":true,"href":"http:\/\/toolstamping.com\/web\/wp-json\/wp\/v2\/users\/21"}],"replies":[{"embeddable":true,"href":"http:\/\/toolstamping.com\/web\/wp-json\/wp\/v2\/comments?post=18"}],"version-history":[{"count":0,"href":"http:\/\/toolstamping.com\/web\/wp-json\/wp\/v2\/pages\/18\/revisions"}],"up":[{"embeddable":true,"href":"http:\/\/toolstamping.com\/web\/wp-json\/wp\/v2\/pages\/14"}],"wp:attachment":[{"href":"http:\/\/toolstamping.com\/web\/wp-json\/wp\/v2\/media?parent=18"}],"curies":[{"name":"wp","href":"https:\/\/api.w.org\/{rel}","templated":true}]}}