{"id":2,"date":"2014-10-06T12:45:19","date_gmt":"2014-10-06T12:45:19","guid":{"rendered":"http:\/\/www.dizajn-ikonica.com\/tool\/?page_id=2"},"modified":"2014-10-31T16:03:11","modified_gmt":"2014-10-31T14:03:11","slug":"startseite","status":"publish","type":"page","link":"http:\/\/toolstamping.com\/web\/","title":{"rendered":"Startseite"},"content":{"rendered":"\n\n\n<div class=\"fusion-fullwidth fullwidth-box\" style=\"background-attachment:scroll;background-color:#cccccc;background-position:left top;background-repeat:no-repeat;-webkit-background-size:cover;-moz-background-size:cover;-o-background-size:cover;background-size:cover;border-color:#eae9e9;border-bottom-width: 0px;border-top-width: 0px;border-bottom-style: solid;border-top-style: solid;padding-bottom:20px;padding-left:20px;padding-right:20px;padding-top:20px;\"><div class=\"avada-row\"><div class=\"fusion-title title\"><h1 class=\"title-heading-left\"><span style=\"color: #003399;\">GRENZG\u00c4NGER<\/span><\/h1><div class=\"title-sep-container\"><div class=\"title-sep sep-single\"><\/div><\/div><\/div><span style=\"color: #003399;\">Hochkomplexe Teile mit engsten Toleranzen \u2013 das sind die zentralen Herausforderungen, vor die uns s\u00e4mtliche Branchen, f\u00fcr die wir als Lieferant und Dienstleister aktiv sind, stellen. Als kleiner, hochspezialisierter Betrieb kennen wir die Anforderungsprofile an der Grenze des Realisierbaren. Gemeinsam mit unseren Auftraggebern suchen und finden wir L\u00f6sungen \u2013 auch wenn sie sich auf der anderen Seite der Limits bewegen!<\/span><\/div><\/div><div class=\"fusion-fullwidth fullwidth-box\" style=\"background-attachment:scroll;background-position:left top;background-repeat:no-repeat;-webkit-background-size:cover;-moz-background-size:cover;-o-background-size:cover;background-size:cover;border-color:#eae9e9;border-bottom-width: 0px;border-top-width: 0px;border-bottom-style: solid;border-top-style: solid;padding-bottom:10px;padding-left:0px;padding-right:0px;padding-top:10px;\"><div class=\"avada-row\"><div class=\"fusion-sep-clear\"><\/div><div class=\"fusion-separator fusion-full-width-sep sep-single\" style=\"border-color:#003399;margin-top:10px;margin-bottom:10px;\"><span class=\"icon-wrapper\" style=\"border-color:#003399;\"><i class=\"fa fa-code-fork\" style=\"color:#003399;\"><\/i><\/span><\/div><\/div><\/div>\n<div class=\"fusion-fullwidth fullwidth-box\" style=\"background-attachment:scroll;background-position:left top;background-repeat:no-repeat;-webkit-background-size:cover;-moz-background-size:cover;-o-background-size:cover;background-size:cover;border-color:#eae9e9;border-bottom-width: 0px;border-top-width: 0px;border-bottom-style: solid;border-top-style: solid;padding-bottom:0px;padding-left:0px;padding-right:0px;padding-top:0px;\"><div class=\"avada-row\"><div class=\"fusion-one-third one_third fusion-column\"><div class=\"fusion-flip-boxes flip-boxes row fusion-columns-1\"><div class=\"fusion-flip-box-wrapper col-lg-12 col-md-12 col-sm-12\"><div class=\"fusion-flip-box\"><div class=\"flip-box-inner-wrapper\"><div class=\"flip-box-front\" style=\"background-color:#f6f6f6;border-color:transparent;border-radius:4px;border-style:solid;border-width:1px;color:#747474;\"><div class=\"flip-box-front-inner\"><div class=\"flip-box-grafix flip-box-circle\" style=\"background-color:#333333;border-color:#333333;\"><i class=\"fa fa-wrench fa-spin\" style=\"color:#ffffff;\"><\/i><\/div><h2 class=\"flip-box-heading without-text\" style=\"color:#333333;\">Werkzeugbau<\/h2><\/div><\/div><div class=\"flip-box-back\" style=\"background-color:#003399;border-color:transparent;border-radius:4px;border-style:solid;border-width:1px;color:#ffffff;\"><div class=\"flip-box-back-inner\">Der Hochleistungswerkzeugbau geh\u00f6rt zu unserem Kerngesch\u00e4ft. Die st\u00e4ndige Optimierung von Serienwerkzeugen inklusive der peripheren Einrichtungen nimmt eine zentrale Rolle in unserem Verst\u00e4ndnis einer gelebten Partnerschaft ein. Von der Konstruktion bis hin zur Endmontage profitieren Sie von unserer Expertise. Die Bereiche 2D-, 3D-Konstruktion, Musterbau, Fr\u00e4sen,. Schleifen und Erodieren sind bei TOOL&amp;STAMPING hochprofessionelle Inhouse-Abteilungen. Nur deshalb k\u00f6nnen wir die Qualit\u00e4t unserer Werkzeuge selbst bestimmen.<\/div><\/div><\/div><\/div><\/div><\/div><div class=\"fusion-clearfix\"><\/div><\/div><div class=\"fusion-one-third one_third fusion-column\"><div class=\"fusion-flip-boxes flip-boxes row fusion-columns-1\"><div class=\"fusion-flip-box-wrapper col-lg-12 col-md-12 col-sm-12\"><div class=\"fusion-flip-box\"><div class=\"flip-box-inner-wrapper\"><div class=\"flip-box-front\" style=\"background-color:#f6f6f6;border-color:transparent;border-radius:4px;border-style:solid;border-width:1px;color:#747474;\"><div class=\"flip-box-front-inner\"><div class=\"flip-box-grafix flip-box-circle\" style=\"background-color:#333333;border-color:#333333;\"><i class=\"fa fa-check-circle fa-spin\" style=\"color:#ffffff;\"><\/i><\/div><h2 class=\"flip-box-heading without-text\" style=\"color:#333333;\">Stanz- und Umformtechnik<\/h2><\/div><\/div><div class=\"flip-box-back\" style=\"background-color:#003399;border-color:transparent;border-radius:4px;border-style:solid;border-width:1px;color:#ffffff;\"><div class=\"flip-box-back-inner\">Seit \u00fcber 10 Jahren fertigen wir hochpr\u00e4zise Stanzteile. Dabei stanzen, pr\u00e4gen, biegen und schneiden wir Teile f\u00fcr die Elektrotechnik und die Elektronikindustrie. H\u00f6chste Qualit\u00e4t und Genauigkeit pr\u00e4gen unsere Leistungsf\u00e4higkeit. Mit modernsten Messinstrumenten pr\u00fcfen wir die Einhaltung von engsten Toleranzen, w\u00e4hrend wir den Stanzprozess bei der Qualit\u00e4ts\u00fcberwachung der Funktionsma\u00dfe begleiten.<\/p>\n<p><span style=\"visibility: hidden;\">pr\u00fcfen wir die Einhaltung von T\u00a0<\/span><br \/>\n<\/div><\/div><\/div><\/div><\/div><\/div><div class=\"fusion-clearfix\"><\/div><\/div><div class=\"fusion-one-third one_third fusion-column last\"><div class=\"fusion-flip-boxes flip-boxes row fusion-columns-1\"><div class=\"fusion-flip-box-wrapper col-lg-12 col-md-12 col-sm-12\"><div class=\"fusion-flip-box\"><div class=\"flip-box-inner-wrapper\"><div class=\"flip-box-front\" style=\"background-color:#f6f6f6;border-color:transparent;border-radius:4px;border-style:solid;border-width:1px;color:#747474;\"><div class=\"flip-box-front-inner\"><div class=\"flip-box-grafix flip-box-circle\" style=\"background-color:#333333;border-color:#333333;\"><i class=\"fa fa-cogs fa-spin\" style=\"color:#ffffff;\"><\/i><\/div><h2 class=\"flip-box-heading without-text\" style=\"color:#333333;\">Engineering<\/h2><\/div><\/div><div class=\"flip-box-back\" style=\"background-color:#003399;border-color:transparent;border-radius:4px;border-style:solid;border-width:1px;color:#ffffff;\"><div class=\"flip-box-back-inner\">In enger Zusammenarbeit mit Ihren Entwicklungsabteilungen realisieren wir auch komplexe Anforderungen an das Produkt und die Produktionsvorg\u00e4nge. Diese Optimierungsprozesse f\u00fchren wir in Form von Analyse und Simulation bereits in fr\u00fchesten Produktentstehungsphasen durch. Speziell bei Herausforderungen im Hybridbereich profitieren Sie von unseren in mehr als 10 Jahren gesammelten Erfahrungen.<\/p>\n<p><span style=\"visibility: hidden;\">pr\u00fcfen wir die Einhaltung von T\u00a0<\/span><br \/>\n<span style=\"visibility: hidden;\">pr\u00fcfen wir die Einhaltung von T\u00a0<\/span><br \/>\n<\/div><\/div><\/div><\/div><\/div><\/div><div class=\"fusion-clearfix\"><\/div><\/div><div class=\"fusion-clearfix\"><\/div><\/div><\/div>\n\n\n\n\n","protected":false},"excerpt":{"rendered":"","protected":false},"author":21,"featured_media":0,"parent":0,"menu_order":0,"comment_status":"closed","ping_status":"open","template":"","meta":{"footnotes":""},"class_list":["post-2","page","type-page","status-publish","hentry"],"_links":{"self":[{"href":"http:\/\/toolstamping.com\/web\/wp-json\/wp\/v2\/pages\/2"}],"collection":[{"href":"http:\/\/toolstamping.com\/web\/wp-json\/wp\/v2\/pages"}],"about":[{"href":"http:\/\/toolstamping.com\/web\/wp-json\/wp\/v2\/types\/page"}],"author":[{"embeddable":true,"href":"http:\/\/toolstamping.com\/web\/wp-json\/wp\/v2\/users\/21"}],"replies":[{"embeddable":true,"href":"http:\/\/toolstamping.com\/web\/wp-json\/wp\/v2\/comments?post=2"}],"version-history":[{"count":1,"href":"http:\/\/toolstamping.com\/web\/wp-json\/wp\/v2\/pages\/2\/revisions"}],"predecessor-version":[{"id":341,"href":"http:\/\/toolstamping.com\/web\/wp-json\/wp\/v2\/pages\/2\/revisions\/341"}],"wp:attachment":[{"href":"http:\/\/toolstamping.com\/web\/wp-json\/wp\/v2\/media?parent=2"}],"curies":[{"name":"wp","href":"https:\/\/api.w.org\/{rel}","templated":true}]}}