{"id":20,"date":"2014-10-06T13:56:52","date_gmt":"2014-10-06T13:56:52","guid":{"rendered":"http:\/\/www.dizajn-ikonica.com\/tool\/?page_id=20"},"modified":"2014-10-06T13:56:52","modified_gmt":"2014-10-06T13:56:52","slug":"engineering","status":"publish","type":"page","link":"http:\/\/toolstamping.com\/web\/technologien\/engineering\/","title":{"rendered":"Engineering"},"content":{"rendered":"<div class=\"fusion-fullwidth fullwidth-box blau-weiss\" style=\"background-attachment:scroll;background-position:left top;background-repeat:no-repeat;-webkit-background-size:cover;-moz-background-size:cover;-o-background-size:cover;background-size:cover;border-color:#eae9e9;border-bottom-width: 0px;border-top-width: 0px;border-bottom-style: solid;border-top-style: solid;padding-bottom:10px;padding-left:10px;padding-right:10px;padding-top:10px;\"><div class=\"avada-row\">In den vergangenen Jahren hat TOOL&amp;STAMPING seine Engineering-Kapazit\u00e4ten nachhaltig erweitert. Das Team betreut nachweislich erfolgreich Projektmanagement- und Konstruktionsabteilungen mit kundenspezifischen Forschungs- und Entwicklungsleistungen. Speziell f\u00fcr Produkte aus dem Hybridbereich der Stanz- und Spritzgie\u00dftechnik wird in enger Zusammenarbeit mit den Entwicklungsabteilungen der Unternehmen sowohl die Erf\u00fcllung der Produktanforderungen ber\u00fccksichtigt, als auch die perfekte Abstimmung des Produkts auf den anschlie\u00dfenden Herstellungsprozess. So entstehen durch die fr\u00fche Einbindung des TOOL&amp;STAMPING-Teams in die Produktentwicklung des Kunden gro\u00dfe Kostenvorteile in der Produktion.<\/p>\n<\/div><\/div><div class=\"fusion-fullwidth fullwidth-box\" style=\"background-attachment:scroll;background-position:left top;background-repeat:no-repeat;-webkit-background-size:cover;-moz-background-size:cover;-o-background-size:cover;background-size:cover;border-color:#eae9e9;border-bottom-width: 0px;border-top-width: 0px;border-bottom-style: solid;border-top-style: solid;padding-bottom:0px;padding-left:0px;padding-right:0px;padding-top:10px;\"><div class=\"avada-row\"><div class=\"imageframe-align-center\"><style type=\"text\/css\">.imageframe-1 img{border:0px solid #f6f6f6;}<\/style><span style class=\"fusion-imageframe imageframe imageframe-dropshadow imageframe-1 img-width fusion-animated\" animation_class=\"fusion-animated\" data-animationType=\"slideInDown\" data-animationDuration=\"0.9\"> <img decoding=\"async\" src=\"http:\/\/toolstamping.com\/web\/wp-content\/uploads\/2014\/10\/20141002_1534341.jpg\" alt=\"\" class=\"img-responsive\" \/><\/span><\/div><\/div><\/div>\n","protected":false},"excerpt":{"rendered":"","protected":false},"author":21,"featured_media":0,"parent":14,"menu_order":0,"comment_status":"closed","ping_status":"closed","template":"","meta":{"footnotes":""},"class_list":["post-20","page","type-page","status-publish","hentry"],"_links":{"self":[{"href":"http:\/\/toolstamping.com\/web\/wp-json\/wp\/v2\/pages\/20"}],"collection":[{"href":"http:\/\/toolstamping.com\/web\/wp-json\/wp\/v2\/pages"}],"about":[{"href":"http:\/\/toolstamping.com\/web\/wp-json\/wp\/v2\/types\/page"}],"author":[{"embeddable":true,"href":"http:\/\/toolstamping.com\/web\/wp-json\/wp\/v2\/users\/21"}],"replies":[{"embeddable":true,"href":"http:\/\/toolstamping.com\/web\/wp-json\/wp\/v2\/comments?post=20"}],"version-history":[{"count":0,"href":"http:\/\/toolstamping.com\/web\/wp-json\/wp\/v2\/pages\/20\/revisions"}],"up":[{"embeddable":true,"href":"http:\/\/toolstamping.com\/web\/wp-json\/wp\/v2\/pages\/14"}],"wp:attachment":[{"href":"http:\/\/toolstamping.com\/web\/wp-json\/wp\/v2\/media?parent=20"}],"curies":[{"name":"wp","href":"https:\/\/api.w.org\/{rel}","templated":true}]}}