{"id":28,"date":"2014-10-06T13:58:08","date_gmt":"2014-10-06T13:58:08","guid":{"rendered":"http:\/\/www.dizajn-ikonica.com\/tool\/?page_id=28"},"modified":"2014-10-06T13:58:08","modified_gmt":"2014-10-06T13:58:08","slug":"prototypen","status":"publish","type":"page","link":"http:\/\/toolstamping.com\/web\/technologien\/werkzeugbau\/prototypen\/","title":{"rendered":"Prototypen"},"content":{"rendered":"\n<div class=\"fusion-fullwidth fullwidth-box\" style=\"background-attachment:scroll;background-position:left top;background-repeat:no-repeat;-webkit-background-size:cover;-moz-background-size:cover;-o-background-size:cover;background-size:cover;border-color:#eae9e9;border-bottom-width: 0px;border-top-width: 0px;border-bottom-style: solid;border-top-style: solid;padding-bottom:0px;padding-left:0px;padding-right:0px;padding-top:0px;\"><div class=\"avada-row\"><div class=\"fusion-one-half one_half fusion-column blau-weiss\">Klassische Aufgabe des Prototypenbaus ist die Erprobung neuer Designs oder Prozesse in m\u00f6glichst seriennaher Ausf\u00fchrung. Dazu entwickelt TOOL&amp;STAMPING gemeinsam mit dem Kunden ein abgestimmtes Musterkonzept. Ziel ist es, das Verhalten des Materials beim Stanzen zu untersuchen, um haptische und optische Erkenntnisse zu gewinnen. Gleichzeitig m\u00fcssen Werkzeugdetails festgelegt werden, damit das Teil aussagekr\u00e4ftig hergestellt werden kann.<\/p>\n<\/div><div class=\"fusion-one-half one_half fusion-column last blau-weiss\">Die Umsetzung im eigenen Musterbau verk\u00fcrzt die Herstellungszeit der Serienwerkzeuge und \u2013teile. Schlie\u00dflich werden die gewonnenen Erkenntnisse aus der Musterphase hier eingebracht. TOOL&amp;STAMPING-Prototypen gew\u00e4hrleisten die mehrdimensionale Optimierung der Produkte hinsichtlich Qualit\u00e4t, Kosten und Fertigungsgerechtigkeit.<\/p>\n<p>&nbsp;<\/p>\n<\/div><div class=\"fusion-clearfix\"><\/div><\/div><\/div><div class=\"fusion-fullwidth fullwidth-box\" style=\"background-attachment:scroll;background-position:left top;background-repeat:no-repeat;-webkit-background-size:cover;-moz-background-size:cover;-o-background-size:cover;background-size:cover;border-color:#eae9e9;border-bottom-width: 0px;border-top-width: 0px;border-bottom-style: solid;border-top-style: solid;padding-bottom:0px;padding-left:0px;padding-right:0px;padding-top:0px;\"><div class=\"avada-row\"><div class=\"imageframe-align-center\"><style type=\"text\/css\">.imageframe-1 img{border:0px solid #f6f6f6;}<\/style><span style class=\"fusion-imageframe imageframe imageframe-dropshadow imageframe-1 img-width fusion-animated\" animation_class=\"fusion-animated\" data-animationType=\"slideInDown\" data-animationDuration=\"1\"><a href=\"http:\/\/www.dizajn-ikonica.com\/tool\/wp-content\/uploads\/2014\/10\/20141002_152711.jpg\" class=\"lightbox-shortcode\" rel=\"prettyPhoto\"> <img decoding=\"async\" src=\"http:\/\/www.dizajn-ikonica.com\/tool\/wp-content\/uploads\/2014\/10\/20141002_152711.jpg\" alt=\"\" class=\"img-responsive\" \/><\/a><\/span><\/div><\/div><\/div>\n\n","protected":false},"excerpt":{"rendered":"","protected":false},"author":21,"featured_media":0,"parent":16,"menu_order":0,"comment_status":"closed","ping_status":"closed","template":"","meta":{"footnotes":""},"class_list":["post-28","page","type-page","status-publish","hentry"],"_links":{"self":[{"href":"http:\/\/toolstamping.com\/web\/wp-json\/wp\/v2\/pages\/28"}],"collection":[{"href":"http:\/\/toolstamping.com\/web\/wp-json\/wp\/v2\/pages"}],"about":[{"href":"http:\/\/toolstamping.com\/web\/wp-json\/wp\/v2\/types\/page"}],"author":[{"embeddable":true,"href":"http:\/\/toolstamping.com\/web\/wp-json\/wp\/v2\/users\/21"}],"replies":[{"embeddable":true,"href":"http:\/\/toolstamping.com\/web\/wp-json\/wp\/v2\/comments?post=28"}],"version-history":[{"count":0,"href":"http:\/\/toolstamping.com\/web\/wp-json\/wp\/v2\/pages\/28\/revisions"}],"up":[{"embeddable":true,"href":"http:\/\/toolstamping.com\/web\/wp-json\/wp\/v2\/pages\/16"}],"wp:attachment":[{"href":"http:\/\/toolstamping.com\/web\/wp-json\/wp\/v2\/media?parent=28"}],"curies":[{"name":"wp","href":"https:\/\/api.w.org\/{rel}","templated":true}]}}