{"id":30,"date":"2014-10-06T13:58:29","date_gmt":"2014-10-06T13:58:29","guid":{"rendered":"http:\/\/www.dizajn-ikonica.com\/tool\/?page_id=30"},"modified":"2014-10-06T13:58:29","modified_gmt":"2014-10-06T13:58:29","slug":"stanzteile-und-baugruppen","status":"publish","type":"page","link":"http:\/\/toolstamping.com\/web\/technologien\/stanz-und-umformtechnik\/stanzteile-und-baugruppen\/","title":{"rendered":"Stanzteile und Baugruppen"},"content":{"rendered":"<div class=\"fusion-fullwidth fullwidth-box\" style=\"background-attachment:scroll;background-position:left top;background-repeat:no-repeat;-webkit-background-size:cover;-moz-background-size:cover;-o-background-size:cover;background-size:cover;border-color:#eae9e9;border-bottom-width: 0px;border-top-width: 0px;border-bottom-style: solid;border-top-style: solid;padding-bottom:0px;padding-left:0px;padding-right:0px;padding-top:0px;\"><div class=\"avada-row\"><div class=\"fusion-one-half one_half fusion-column blau-weiss\">Mit der Pr\u00e4zision nimmt es TOOL&amp;STAMPING sehr genau. Gefertigt werden Stanzteile, Biegeteile und Baugruppen. Verarbeitet wird Stahl, Edelstahl und Aluminium in Materialst\u00e4rken von 0,10 mm bis zu 2 mm \u2013 und das auf engste Toleranzen genau. Zuverl\u00e4ssig, erfahren und erfolgreich.<\/p>\n<\/div><div class=\"fusion-one-half one_half fusion-column last blau-weiss\">Die Auftraggeber wissen diese Leistungsf\u00e4higkeit zu sch\u00e4tzen. Kundenbeziehungen bestehen bei TOOL&amp;STAMPING traditionell \u00fcber viele Jahre. Denn die Stanz- und Umformprofis erf\u00fcllen die hohen Anforderungen der Elektro- und Elektronikindustrie. Unabh\u00e4ngig, ob als Einzel-, Stanz- oder Umformteil \u2013 TOOL&amp;STAMPING hat sich als professioneller Partner etabliert.<\/div><div class=\"fusion-clearfix\"><\/div><\/div><\/div><div class=\"fusion-fullwidth fullwidth-box\" style=\"background-attachment:scroll;background-position:left top;background-repeat:no-repeat;-webkit-background-size:cover;-moz-background-size:cover;-o-background-size:cover;background-size:cover;border-color:#eae9e9;border-bottom-width: 0px;border-top-width: 0px;border-bottom-style: solid;border-top-style: solid;padding-bottom:0px;padding-left:0px;padding-right:0px;padding-top:0px;\"><div class=\"avada-row\"><div class=\"imageframe-align-center\"><style type=\"text\/css\">.imageframe-1 img{border:0px solid #f6f6f6;}<\/style><span style class=\"fusion-imageframe imageframe imageframe-dropshadow imageframe-1 img-width fusion-animated\" animation_class=\"fusion-animated\" data-animationType=\"slideInDown\" data-animationDuration=\"1\"><a href=\"http:\/\/toolstamping.com\/web\/wp-content\/uploads\/2014\/10\/Produkt-3-e14140001581521.jpg\" class=\"lightbox-shortcode\" rel=\"prettyPhoto\"> <img decoding=\"async\" src=\"http:\/\/toolstamping.com\/web\/wp-content\/uploads\/2014\/10\/Produkt-3-e14140001581521.jpg\" alt=\"\" class=\"img-responsive\" \/><\/a><\/span><\/div><\/div><\/div>\n","protected":false},"excerpt":{"rendered":"","protected":false},"author":21,"featured_media":0,"parent":18,"menu_order":0,"comment_status":"closed","ping_status":"closed","template":"","meta":{"footnotes":""},"class_list":["post-30","page","type-page","status-publish","hentry"],"_links":{"self":[{"href":"http:\/\/toolstamping.com\/web\/wp-json\/wp\/v2\/pages\/30"}],"collection":[{"href":"http:\/\/toolstamping.com\/web\/wp-json\/wp\/v2\/pages"}],"about":[{"href":"http:\/\/toolstamping.com\/web\/wp-json\/wp\/v2\/types\/page"}],"author":[{"embeddable":true,"href":"http:\/\/toolstamping.com\/web\/wp-json\/wp\/v2\/users\/21"}],"replies":[{"embeddable":true,"href":"http:\/\/toolstamping.com\/web\/wp-json\/wp\/v2\/comments?post=30"}],"version-history":[{"count":0,"href":"http:\/\/toolstamping.com\/web\/wp-json\/wp\/v2\/pages\/30\/revisions"}],"up":[{"embeddable":true,"href":"http:\/\/toolstamping.com\/web\/wp-json\/wp\/v2\/pages\/18"}],"wp:attachment":[{"href":"http:\/\/toolstamping.com\/web\/wp-json\/wp\/v2\/media?parent=30"}],"curies":[{"name":"wp","href":"https:\/\/api.w.org\/{rel}","templated":true}]}}