{"id":36,"date":"2014-10-06T13:59:25","date_gmt":"2014-10-06T13:59:25","guid":{"rendered":"http:\/\/www.dizajn-ikonica.com\/tool\/?page_id=36"},"modified":"2014-10-06T13:59:25","modified_gmt":"2014-10-06T13:59:25","slug":"prozess-optimierung","status":"publish","type":"page","link":"http:\/\/toolstamping.com\/web\/technologien\/engineering\/prozess-optimierung\/","title":{"rendered":"Prozess-Optimierung"},"content":{"rendered":"<div class=\"fusion-fullwidth fullwidth-box blau-weiss\" style=\"background-attachment:scroll;background-position:left top;background-repeat:no-repeat;-webkit-background-size:cover;-moz-background-size:cover;-o-background-size:cover;background-size:cover;border-color:#eae9e9;border-bottom-width: 0px;border-top-width: 0px;border-bottom-style: solid;border-top-style: solid;padding-bottom:10px;padding-left:10px;padding-right:10px;padding-top:10px;\"><div class=\"avada-row\">Speziell bei den Fertigungsprozessen ber\u00fccksichtigen die TOOL&amp;STAMPING-Prozessoptimierer s\u00e4mtliche relevanten Parameter. Bereits in fr\u00fchen Produktentstehungsphasen werden aussagekr\u00e4ftige Analysen und Simulationen durchgef\u00fchrt. Sp\u00e4ter begleiten die Spezialisten die Prototypen- und Werkzeugentwicklung, um im n\u00e4chsten Schritt daf\u00fcr zu sorgen, dass der Serienstart nahtlos anschlie\u00dft. Dabei spielt die Vernetzung der High-End-Fertigungssysteme mit den Prozessen eine elementare Rolle zur Erzielung des optimalen Outputs.<\/p>\n<\/div><\/div><div class=\"fusion-fullwidth fullwidth-box\" style=\"background-attachment:scroll;background-position:left top;background-repeat:no-repeat;-webkit-background-size:cover;-moz-background-size:cover;-o-background-size:cover;background-size:cover;border-color:#eae9e9;border-bottom-width: 0px;border-top-width: 0px;border-bottom-style: solid;border-top-style: solid;padding-bottom:0px;padding-left:0px;padding-right:0px;padding-top:10px;\"><div class=\"avada-row\"><div class=\"imageframe-align-center\"><style type=\"text\/css\">.imageframe-1 img{border:0px solid #f6f6f6;}<\/style><span style class=\"fusion-imageframe imageframe imageframe-dropshadow imageframe-1 img-width\"> <img decoding=\"async\" src=\"http:\/\/toolstamping.com\/web\/wp-content\/uploads\/2014\/10\/20141002_1544391.jpg\" alt=\"\" class=\"img-responsive\" \/><\/span><\/div><\/div><\/div>\n","protected":false},"excerpt":{"rendered":"","protected":false},"author":21,"featured_media":0,"parent":20,"menu_order":0,"comment_status":"closed","ping_status":"closed","template":"","meta":{"footnotes":""},"class_list":["post-36","page","type-page","status-publish","hentry"],"_links":{"self":[{"href":"http:\/\/toolstamping.com\/web\/wp-json\/wp\/v2\/pages\/36"}],"collection":[{"href":"http:\/\/toolstamping.com\/web\/wp-json\/wp\/v2\/pages"}],"about":[{"href":"http:\/\/toolstamping.com\/web\/wp-json\/wp\/v2\/types\/page"}],"author":[{"embeddable":true,"href":"http:\/\/toolstamping.com\/web\/wp-json\/wp\/v2\/users\/21"}],"replies":[{"embeddable":true,"href":"http:\/\/toolstamping.com\/web\/wp-json\/wp\/v2\/comments?post=36"}],"version-history":[{"count":0,"href":"http:\/\/toolstamping.com\/web\/wp-json\/wp\/v2\/pages\/36\/revisions"}],"up":[{"embeddable":true,"href":"http:\/\/toolstamping.com\/web\/wp-json\/wp\/v2\/pages\/20"}],"wp:attachment":[{"href":"http:\/\/toolstamping.com\/web\/wp-json\/wp\/v2\/media?parent=36"}],"curies":[{"name":"wp","href":"https:\/\/api.w.org\/{rel}","templated":true}]}}